{"id":13,"date":"2022-03-02T17:14:42","date_gmt":"2022-03-02T16:14:42","guid":{"rendered":"http:\/\/amu-rhinsup.fr\/?page_id=13"},"modified":"2022-10-31T17:45:35","modified_gmt":"2022-10-31T16:45:35","slug":"membres","status":"publish","type":"page","link":"https:\/\/amu-rhinsup.fr\/index.php\/membres\/","title":{"rendered":"Membres"},"content":{"rendered":"<style>\/*! elementor - v3.6.4 - 13-04-2022 *\/\n.e-container.e-container--row .elementor-spacer-inner{width:var(--spacer-size)}.e-container.e-container--column .elementor-spacer-inner,.elementor-column .elementor-spacer-inner{height:var(--spacer-size)}<\/style>\n<style>\/*! elementor - v3.6.4 - 13-04-2022 *\/\n.elementor-heading-title{padding:0;margin:0;line-height:1}.elementor-widget-heading .elementor-heading-title[class*=elementor-size-]>a{color:inherit;font-size:inherit;line-height:inherit}.elementor-widget-heading .elementor-heading-title.elementor-size-small{font-size:15px}.elementor-widget-heading .elementor-heading-title.elementor-size-medium{font-size:19px}.elementor-widget-heading .elementor-heading-title.elementor-size-large{font-size:29px}.elementor-widget-heading .elementor-heading-title.elementor-size-xl{font-size:39px}.elementor-widget-heading .elementor-heading-title.elementor-size-xxl{font-size:59px}<\/style>\n<h2>Ils font partie du r\u00e9seau<br \/>\nAMU Rhin Sup\u00e9rieur !<\/h2>\n<style>\/*! elementor - v3.6.4 - 13-04-2022 *\/\n.elementor-widget-divider{--divider-border-style:none;--divider-border-width:1px;--divider-color:#2c2c2c;--divider-icon-size:20px;--divider-element-spacing:10px;--divider-pattern-height:24px;--divider-pattern-size:20px;--divider-pattern-url:none;--divider-pattern-repeat:repeat-x}.elementor-widget-divider .elementor-divider{display:-webkit-box;display:-ms-flexbox;display:flex}.elementor-widget-divider .elementor-divider__text{font-size:15px;line-height:1;max-width:95%}.elementor-widget-divider .elementor-divider__element{margin:0 var(--divider-element-spacing);-ms-flex-negative:0;flex-shrink:0}.elementor-widget-divider .elementor-icon{font-size:var(--divider-icon-size)}.elementor-widget-divider .elementor-divider-separator{display:-webkit-box;display:-ms-flexbox;display:flex;margin:0;direction:ltr}.elementor-widget-divider--view-line_icon .elementor-divider-separator,.elementor-widget-divider--view-line_text .elementor-divider-separator{-webkit-box-align:center;-ms-flex-align:center;align-items:center}.elementor-widget-divider--view-line_icon .elementor-divider-separator:after,.elementor-widget-divider--view-line_icon .elementor-divider-separator:before,.elementor-widget-divider--view-line_text .elementor-divider-separator:after,.elementor-widget-divider--view-line_text .elementor-divider-separator:before{display:block;content:\"\";border-bottom:0;-webkit-box-flex:1;-ms-flex-positive:1;flex-grow:1;border-top:var(--divider-border-width) var(--divider-border-style) var(--divider-color)}.elementor-widget-divider--element-align-left .elementor-divider .elementor-divider-separator>.elementor-divider__svg:first-of-type{-webkit-box-flex:0;-ms-flex-positive:0;flex-grow:0;-ms-flex-negative:100;flex-shrink:100}.elementor-widget-divider--element-align-left .elementor-divider-separator:before{content:none}.elementor-widget-divider--element-align-left .elementor-divider__element{margin-left:0}.elementor-widget-divider--element-align-right .elementor-divider .elementor-divider-separator>.elementor-divider__svg:last-of-type{-webkit-box-flex:0;-ms-flex-positive:0;flex-grow:0;-ms-flex-negative:100;flex-shrink:100}.elementor-widget-divider--element-align-right .elementor-divider-separator:after{content:none}.elementor-widget-divider--element-align-right .elementor-divider__element{margin-right:0}.elementor-widget-divider:not(.elementor-widget-divider--view-line_text):not(.elementor-widget-divider--view-line_icon) .elementor-divider-separator{border-top:var(--divider-border-width) var(--divider-border-style) var(--divider-color)}.elementor-widget-divider--separator-type-pattern{--divider-border-style:none}.elementor-widget-divider--separator-type-pattern.elementor-widget-divider--view-line .elementor-divider-separator,.elementor-widget-divider--separator-type-pattern:not(.elementor-widget-divider--view-line) .elementor-divider-separator:after,.elementor-widget-divider--separator-type-pattern:not(.elementor-widget-divider--view-line) .elementor-divider-separator:before,.elementor-widget-divider--separator-type-pattern:not([class*=elementor-widget-divider--view]) .elementor-divider-separator{width:100%;min-height:var(--divider-pattern-height);-webkit-mask-size:var(--divider-pattern-size) 100%;mask-size:var(--divider-pattern-size) 100%;-webkit-mask-repeat:var(--divider-pattern-repeat);mask-repeat:var(--divider-pattern-repeat);background-color:var(--divider-color);-webkit-mask-image:var(--divider-pattern-url);mask-image:var(--divider-pattern-url)}.elementor-widget-divider--no-spacing{--divider-pattern-size:auto}.elementor-widget-divider--bg-round{--divider-pattern-repeat:round}.rtl .elementor-widget-divider .elementor-divider__text{direction:rtl}<\/style>\n<style>\/*! elementor - v3.6.4 - 13-04-2022 *\/\n.elementor-widget-image{text-align:center}.elementor-widget-image a{display:inline-block}.elementor-widget-image a img[src$=\".svg\"]{width:48px}.elementor-widget-image img{vertical-align:middle;display:inline-block}<\/style>\n<p>\t\t\t\t\t\t\t\t\t\t\t\t\t<a href=\"https:\/\/www.ankha.fr\/\"><br \/>\n\t\t\t\t\t\t\t<img decoding=\"async\" width=\"300\" height=\"269\" src=\"http:\/\/amu-rhinsup.fr\/wp-content\/uploads\/2022\/05\/ANKHA_logo-300x269.png\" alt=\"\" loading=\"lazy\" srcset=\"https:\/\/amu-rhinsup.fr\/wp-content\/uploads\/2022\/05\/ANKHA_logo-300x269.png 300w, https:\/\/amu-rhinsup.fr\/wp-content\/uploads\/2022\/05\/ANKHA_logo-1024x919.png 1024w, https:\/\/amu-rhinsup.fr\/wp-content\/uploads\/2022\/05\/ANKHA_logo-768x689.png 768w, https:\/\/amu-rhinsup.fr\/wp-content\/uploads\/2022\/05\/ANKHA_logo.png 1169w\" sizes=\"auto, (max-width: 300px) 100vw, 300px\" \/>\t\t\t\t\t\t\t\t<\/a><\/p>\n<h2>Atelier ANKHA<\/h2>\n<p>Constitu\u00e9e d\u2019architectes et d\u2019ing\u00e9nieurs, l\u2019atelier ANKHA est une agence d\u2019architecture sp\u00e9cialis\u00e9e dans l\u2019accompagnement des processus de concertation architecturale, de co-conception et de gestion collective.<\/p>\n<p>\t\t\t\t\t\t\t\t\t\t\t\t\t\t\t\t<a href=\"https:\/\/www.atelier-na.eu\/\"><br \/>\n\t\t\t\t\t\t\t<img decoding=\"async\" width=\"300\" height=\"300\" src=\"http:\/\/amu-rhinsup.fr\/wp-content\/uploads\/2022\/05\/AtelierNA_Logo-300x300.png\" alt=\"\" loading=\"lazy\" srcset=\"https:\/\/amu-rhinsup.fr\/wp-content\/uploads\/2022\/05\/AtelierNA_Logo-300x300.png 300w, https:\/\/amu-rhinsup.fr\/wp-content\/uploads\/2022\/05\/AtelierNA_Logo-150x150.png 150w, https:\/\/amu-rhinsup.fr\/wp-content\/uploads\/2022\/05\/AtelierNA_Logo-768x768.png 768w, https:\/\/amu-rhinsup.fr\/wp-content\/uploads\/2022\/05\/AtelierNA_Logo.png 1000w\" sizes=\"auto, (max-width: 300px) 100vw, 300px\" \/>\t\t\t\t\t\t\t\t<\/a><\/p>\n<h2>Atelier NA<\/h2>\n<p>L\u2019Atelier NA est une association questionnant les pratiques de l\u2019architecture, de l\u2019urbanisme et de l\u2019am\u00e9nagement du territoire dans une d\u00e9marche de r\u00e9silience \u00e9co-responsable et inclusive. Par la permanence architecturale, l\u2019atelier de concertation et de co-conception et le chantier participatif, nous favorisons les approches \u00e9cosyst\u00e9miques et vertueuses prenant en compte entre autres l\u2019inclusion des usagers dans le projet architectural ou urbain, l\u2019emploi de mat\u00e9riaux de r\u00e9emploi ou biosourc\u00e9s et luttant contre le g\u00e2chis spatial.<\/p>\n<p>\t\t\t\t\t\t\t\t\t\t\t\t\t\t\t\t<a href=\"https:\/\/www.horizome.org\/\"><br \/>\n\t\t\t\t\t\t\t<img decoding=\"async\" width=\"180\" height=\"44\" src=\"http:\/\/amu-rhinsup.fr\/wp-content\/uploads\/2022\/05\/Horizome-logo.png\" alt=\"\" loading=\"lazy\" \/>\t\t\t\t\t\t\t\t<\/a><\/p>\n<h2>Collectif Horizome<\/h2>\n<p>Horizome est un collectif ouvert, qui m\u00e8ne des actions croisant les sciences sociales, l\u2019urbanisme et l\u2019architecture dans un objectif d\u2019augmentation du pouvoir d\u2019agir des citoyens. Sa sp\u00e9cificit\u00e9 r\u00e9side dans son mode d\u2019action, qui privil\u00e9gie une d\u00e9marche transdisciplinaire et inclusive qui m\u00e9lange les arts, la sociologie urbaine, l\u2019architecture et l\u2019urbanisme, en relation avec les habitants et d\u2019autres associations du quartier. L\u2019enjeu du travail d\u2019Horizome est la promotion d\u2019une fabrique collaborative de la ville, en int\u00e9grant les usagers tout en valorisant le r\u00f4le d\u2019habitant expert au prisme de la ville sensible.<\/p>\n<p>\t\t\t\t\t\t\t\t\t\t\t\t\t\t\t\t<a href=\"https:\/\/www.lesateliersrtt.com\/\"><br \/>\n\t\t\t\t\t\t\t<img decoding=\"async\" width=\"150\" height=\"150\" src=\"http:\/\/amu-rhinsup.fr\/wp-content\/uploads\/2022\/05\/LesAteliersRTT_logo-150x150.png\" alt=\"\" loading=\"lazy\" \/>\t\t\t\t\t\t\t\t<\/a><\/p>\n<h2>Les Ateliers RTT<\/h2>\n<p>Les Ateliers RTT est une agence de design et d\u2019innovation sociale. Nous d\u00e9ployons nos comp\u00e9tences au service de projets de bien commun (des collectivit\u00e9s, institutions publiques, associations et entreprises) avec pour ambition de fa\u00e7onner un monde plus d\u00e9sirable, plus juste et plus sens\u00e9.<\/p>\n<p>\t\t\t\t\t\t\t\t\t\t\t\t\t\t\t\t<a href=\"http:\/\/www.quartiers.fr\/\"><br \/>\n\t\t\t\t\t\t\t<img decoding=\"async\" width=\"300\" height=\"62\" src=\"http:\/\/amu-rhinsup.fr\/wp-content\/uploads\/2022\/05\/Urbitat-logo-HD-300x62.png\" alt=\"\" loading=\"lazy\" srcset=\"https:\/\/amu-rhinsup.fr\/wp-content\/uploads\/2022\/05\/Urbitat-logo-HD-300x62.png 300w, https:\/\/amu-rhinsup.fr\/wp-content\/uploads\/2022\/05\/Urbitat-logo-HD.png 715w\" sizes=\"auto, (max-width: 300px) 100vw, 300px\" \/>\t\t\t\t\t\t\t\t<\/a><\/p>\n<h2>Urbitat +<\/h2>\n<p>Urbitat + est un atelier d\u2019urbanisme qui intervient \u00e0 l\u2019interface entre ville et habitat pour d\u00e9velopper des projets humains et partag\u00e9s qui contribuent \u00e0 l\u2019urbanit\u00e9. Urbitat + s\u2019attache en particulier \u00e0 la mise en place de dispositifs qui permettent la prise de d\u00e9cision, raisonn\u00e9e, des diff\u00e9rents acteurs impliqu\u00e9s dans la production de la ville. Ces dispositifs de co-production des projets reposent sur notre conviction que la fabrication de la ville contemporaine doit s\u2019appuyer sur une l\u00e9gitimit\u00e9 d\u00e9mocratique renforc\u00e9e, qui n\u00e9cessite de donner aux \u00e9lus et plus largement aux citoyens, les outils et clefs de compr\u00e9hension de ph\u00e9nom\u00e8nes complexes afin de leur permettre de d\u00e9cider en conscience. Urbitat + d\u00e9veloppe \u00e9galement des dispositifs participatifs destin\u00e9s \u00e0 int\u00e9grer les habitants &#8211; usagers &#8211; citoyens \u00e0 la production de leur espace.<\/p>\n<h2>Metamine<\/h2>\n<p>Metamine est un cabinet de facilitation et de formation pour l\u2019accompagnement du changement, de l\u2019innovation et des situations de crises. Il intervient pour l\u2019essentiel en assistance \u00e0 ma\u00eetrise d\u2019usage de projets urbains notamment li\u00e9s \u00e0 la transition \u00e9cologique.<\/p>\n<p>\t\t\t\t\t\t\t\t\t\t\t\t\t\t\t\t<a href=\"https:\/\/www.atelier-mento.com\/\"><br \/>\n\t\t\t\t\t\t\t<img decoding=\"async\" width=\"300\" height=\"135\" src=\"http:\/\/amu-rhinsup.fr\/wp-content\/uploads\/2022\/05\/Atelier-MENTO_logo-300x135.png\" alt=\"\" loading=\"lazy\" srcset=\"https:\/\/amu-rhinsup.fr\/wp-content\/uploads\/2022\/05\/Atelier-MENTO_logo-300x135.png 300w, https:\/\/amu-rhinsup.fr\/wp-content\/uploads\/2022\/05\/Atelier-MENTO_logo-1024x462.png 1024w, https:\/\/amu-rhinsup.fr\/wp-content\/uploads\/2022\/05\/Atelier-MENTO_logo-768x347.png 768w, https:\/\/amu-rhinsup.fr\/wp-content\/uploads\/2022\/05\/Atelier-MENTO_logo.png 1413w\" sizes=\"auto, (max-width: 300px) 100vw, 300px\" \/>\t\t\t\t\t\t\t\t<\/a><\/p>\n<h2>Atelier MENTO<\/h2>\n<p>MENTO est un atelier d\u2019urbanisme et de design urbain, bas\u00e9 \u00e0 Strasbourg.<br \/>\n Fond\u00e9 sur la notion du \u00abfaire projet autrement\u00bb, l\u2019atelier s\u2019inscrit<br \/>\ndans un processus d\u2019intervention faisant le pari de r\u00e9inventer la<br \/>\nmani\u00e8re d\u2019aborder le projet urbain au sens large et ses diff\u00e9rentes<br \/>\ncomposantes<\/p>\n<p>\t\t\t\t\t\t\t\t\t\t\t\t\t\t\t\t<a href=\"https:\/\/www.b-i-g.fr\/\"><br \/>\n\t\t\t\t\t\t\t<img decoding=\"async\" width=\"300\" height=\"92\" src=\"http:\/\/amu-rhinsup.fr\/wp-content\/uploads\/2022\/05\/BIG_Logo-300x92.png\" alt=\"\" loading=\"lazy\" srcset=\"https:\/\/amu-rhinsup.fr\/wp-content\/uploads\/2022\/05\/BIG_Logo-300x92.png 300w, https:\/\/amu-rhinsup.fr\/wp-content\/uploads\/2022\/05\/BIG_Logo-1024x313.png 1024w, https:\/\/amu-rhinsup.fr\/wp-content\/uploads\/2022\/05\/BIG_Logo-768x235.png 768w, https:\/\/amu-rhinsup.fr\/wp-content\/uploads\/2022\/05\/BIG_Logo.png 1192w\" sizes=\"auto, (max-width: 300px) 100vw, 300px\" \/>\t\t\t\t\t\t\t\t<\/a><\/p>\n<h2>BIG \u2014 Bureau d\u2019Intervention Graphique<\/h2>\n<p>Le BIG souhaite ouvrir des espaces de co-cr\u00e9ations in situ questionnant<br \/>\nles territoires, les habitants et leurs usages. Cr\u00e9\u00e9 en 2019 et dirig\u00e9<br \/>\npar Gwendoline Dulat, il rassemble en fonction des projets, divers<br \/>\nartistes, graphistes, designers, urbanistes et \/ ou sociologues.<\/p>\n<p>\t\t\t\t\t\t\t\t\t\t\t\t\t\t\t\t<a href=\"https:\/\/www.ecoquartier-strasbourg.fr\/\"><br \/>\n\t\t\t\t\t\t\t<img decoding=\"async\" width=\"300\" height=\"72\" src=\"http:\/\/amu-rhinsup.fr\/wp-content\/uploads\/2022\/05\/logo-EQS-HD-300x72.jpg\" alt=\"\" loading=\"lazy\" srcset=\"https:\/\/amu-rhinsup.fr\/wp-content\/uploads\/2022\/05\/logo-EQS-HD-300x72.jpg 300w, https:\/\/amu-rhinsup.fr\/wp-content\/uploads\/2022\/05\/logo-EQS-HD-1024x247.jpg 1024w, https:\/\/amu-rhinsup.fr\/wp-content\/uploads\/2022\/05\/logo-EQS-HD-768x185.jpg 768w, https:\/\/amu-rhinsup.fr\/wp-content\/uploads\/2022\/05\/logo-EQS-HD-1536x371.jpg 1536w, https:\/\/amu-rhinsup.fr\/wp-content\/uploads\/2022\/05\/logo-EQS-HD-2048x494.jpg 2048w\" sizes=\"auto, (max-width: 300px) 100vw, 300px\" \/>\t\t\t\t\t\t\t\t<\/a><\/p>\n<h2>Eco-Quartier Strasbourg<\/h2>\n<p>Association d\u2019initiative citoyenne cr\u00e9\u00e9e en 2001 pour soutenir le changement vers des modes de vie plus durables et solidaires. L\u2019association a beaucoup oeuvr\u00e9 en mati\u00e8re d\u2019urbanisme durable, et s\u2019est faite conna\u00eetre et reconna\u00eetre autour de l\u2019habitat participatif avant d\u2019\u00e9largir son action sur l\u2019enjeu d\u2019engagement des habitants dans la vie locale. Elle porte une fonction d\u2019incubatrice d\u2019initiatives citoyenne jusqu\u2019\u00e0 leur autonomisation.<\/p>\n<p>\t\t\t\t\t\t\t\t\t\t\t\t\t\t\t\t<a href=\"https:\/\/iups.eu\/\"><br \/>\n\t\t\t\t\t\t\t<img decoding=\"async\" width=\"240\" height=\"61\" src=\"http:\/\/amu-rhinsup.fr\/wp-content\/uploads\/2022\/05\/iups_logo.png\" alt=\"\" loading=\"lazy\" \/>\t\t\t\t\t\t\t\t<\/a><\/p>\n<h2>Itin\u00e9raires Urbains et Paysagers<\/h2>\n<p>IUPS est une agence qui travaille \u00e0 diff\u00e9rentes \u00e9chelles de projets dans des territoires urbains, ruraux, aux situations contrast\u00e9es, les paysages du quotidien. Notre exp\u00e9rience va de l\u2019expertise paysag\u00e8re dans l\u2019\u00e9laboration des documents d\u2019urbanisme, jusqu\u2019\u00e0 la ma\u00eetrise d\u2019oeuvre d\u2019espaces publics, en passant par la composition et la restructuration urbaine, et les missions d\u2019AMO en programmation urbaine.<\/p>\n<p>\t\t\t\t\t\t\t\t\t\t\t\t\t\t\t\t<a href=\"https:\/\/osaupt.com\/\"><br \/>\n\t\t\t\t\t\t\t<img decoding=\"async\" width=\"300\" height=\"300\" src=\"http:\/\/amu-rhinsup.fr\/wp-content\/uploads\/2022\/05\/Osaupt_logo-300x300.png\" alt=\"\" loading=\"lazy\" srcset=\"https:\/\/amu-rhinsup.fr\/wp-content\/uploads\/2022\/05\/Osaupt_logo-300x300.png 300w, https:\/\/amu-rhinsup.fr\/wp-content\/uploads\/2022\/05\/Osaupt_logo-1024x1024.png 1024w, https:\/\/amu-rhinsup.fr\/wp-content\/uploads\/2022\/05\/Osaupt_logo-150x150.png 150w, https:\/\/amu-rhinsup.fr\/wp-content\/uploads\/2022\/05\/Osaupt_logo-768x768.png 768w, https:\/\/amu-rhinsup.fr\/wp-content\/uploads\/2022\/05\/Osaupt_logo.png 1181w\" sizes=\"auto, (max-width: 300px) 100vw, 300px\" \/>\t\t\t\t\t\t\t\t<\/a><\/p>\n<h2>Osaupt<\/h2>\n<p>Osaupt accompagne les agences ou les collectivit\u00e9s \u00e0 mettre en place des d\u00e9marches de co-conception au sein de projet d\u2019architecture et d\u2019urbanisme. Pour cela, Osaupt con\u00e7oit des outils simples et innovants, con\u00e7us pour faire le pont entre l\u2019id\u00e9e et la r\u00e9alisation, entre le particulier et le professionnel du b\u00e2timent, ou entre le citoyen et la collectivit\u00e9.<\/p>\n<h2>Diestchy Mireille<\/h2>\n<p>Mireille Diestchy est docteure en sociologie, maitre de conf\u00e9rence associ\u00e9 \u00e0 l\u2019Ecole Nationale Sup\u00e9rieure d\u2019Architecture de Strasbourg et enseignante \u00e0 l\u2019InSituLab Dipl\u00f4me Sup\u00e9rieur des Arts Appliqu\u00e9s. Elle met \u00e0 profit ses comp\u00e9tences en enqu\u00eate qualitative et analyse des donn\u00e9es et son expertise dans les champs de la protection environnementale, de la sociologie urbaine et de la participation dans le cadre de ses enseignements et de son activit\u00e9 de sociologue ind\u00e9pendante.<\/p>\n<h2>Morin Camille<\/h2>\n<p>Camille Morin est designer et cofondatrice de la revue topophile. Dipl\u00f4m\u00e9e en 2016 de l\u2019EDNA, son projet de fin d\u2019\u00e9tudes porte sur les outils participatifs, et les processus de collaboration et d\u2019activisme remettant au centre l\u2019habitant dans la fabrique du territoire, r\u00e9flexion qui ne la quittera plus et la guidera dans son parcours professionnel et artistique. Aujourd\u2019hui, sa pratique oscille entre la cr\u00e9ation d\u2019outils de toute typologie de formes et des r\u00e9sidences-actions situ\u00e9es faisant \u00e9merger des r\u00e9flexions collectives sur les futurs d\u00e9sirables d\u2019un territoire et sur nos modes de vie aux regards des crises \u00e0 venir.<\/p>\n","protected":false},"excerpt":{"rendered":"<p>Ils font partie du r\u00e9seau AMU Rhin Sup\u00e9rieur ! Atelier ANKHA Constitu\u00e9e d\u2019architectes et d\u2019ing\u00e9nieurs, l\u2019atelier ANKHA est une agence d\u2019architecture sp\u00e9cialis\u00e9e dans l\u2019accompagnement des processus de concertation architecturale, de co-conception et de gestion collective. Atelier NA L\u2019Atelier NA est une association questionnant les pratiques de l\u2019architecture, de l\u2019urbanisme et de l\u2019am\u00e9nagement du territoire dans [&hellip;]<\/p>\n","protected":false},"author":1,"featured_media":0,"parent":0,"menu_order":3,"comment_status":"closed","ping_status":"closed","template":"elementor_header_footer","meta":{"_seopress_robots_primary_cat":"","footnotes":""},"class_list":["post-13","page","type-page","status-publish","hentry","entry"],"uagb_featured_image_src":{"full":false,"thumbnail":false,"medium":false,"medium_large":false,"large":false,"1536x1536":false,"2048x2048":false,"ocean-thumb-m":false,"ocean-thumb-ml":false,"ocean-thumb-l":false},"uagb_author_info":{"display_name":"AMU rhinsup","author_link":"https:\/\/amu-rhinsup.fr\/index.php\/author\/admin\/"},"uagb_comment_info":0,"uagb_excerpt":"Ils font partie du r\u00e9seau AMU Rhin Sup\u00e9rieur ! Atelier ANKHA Constitu\u00e9e d\u2019architectes et d\u2019ing\u00e9nieurs, l\u2019atelier ANKHA est une agence d\u2019architecture sp\u00e9cialis\u00e9e dans l\u2019accompagnement des processus de concertation architecturale, de co-conception et de gestion collective. Atelier NA L\u2019Atelier NA est une association questionnant les pratiques de l\u2019architecture, de l\u2019urbanisme et de l\u2019am\u00e9nagement du territoire dans\u2026","_links":{"self":[{"href":"https:\/\/amu-rhinsup.fr\/index.php\/wp-json\/wp\/v2\/pages\/13","targetHints":{"allow":["GET"]}}],"collection":[{"href":"https:\/\/amu-rhinsup.fr\/index.php\/wp-json\/wp\/v2\/pages"}],"about":[{"href":"https:\/\/amu-rhinsup.fr\/index.php\/wp-json\/wp\/v2\/types\/page"}],"author":[{"embeddable":true,"href":"https:\/\/amu-rhinsup.fr\/index.php\/wp-json\/wp\/v2\/users\/1"}],"replies":[{"embeddable":true,"href":"https:\/\/amu-rhinsup.fr\/index.php\/wp-json\/wp\/v2\/comments?post=13"}],"version-history":[{"count":31,"href":"https:\/\/amu-rhinsup.fr\/index.php\/wp-json\/wp\/v2\/pages\/13\/revisions"}],"predecessor-version":[{"id":197,"href":"https:\/\/amu-rhinsup.fr\/index.php\/wp-json\/wp\/v2\/pages\/13\/revisions\/197"}],"wp:attachment":[{"href":"https:\/\/amu-rhinsup.fr\/index.php\/wp-json\/wp\/v2\/media?parent=13"}],"curies":[{"name":"wp","href":"https:\/\/api.w.org\/{rel}","templated":true}]}}