{"id":280,"date":"2022-10-31T17:43:18","date_gmt":"2022-10-31T16:43:18","guid":{"rendered":"https:\/\/amu-rhinsup.fr\/?page_id=280"},"modified":"2022-10-31T17:48:24","modified_gmt":"2022-10-31T16:48:24","slug":"panorama-dexemples-et-de-pratiques-dans-le-grand-est","status":"publish","type":"page","link":"https:\/\/amu-rhinsup.fr\/index.php\/panorama-dexemples-et-de-pratiques-dans-le-grand-est\/","title":{"rendered":"Panorama d\u2019exemples et de pratiques dans le Grand Est."},"content":{"rendered":"\n<p>Pour en savoir plus sur nos actions, nous vous invitons \u00e0 consulter le panorama d&#8217;exemples du R\u00e9seau AMU du Rhin Sup\u00e9rieur. Ce document a \u00e9t\u00e9 r\u00e9alis\u00e9 par les membres du r\u00e9seau AMU Rhin Sup\u00e9rieur.<\/p>\n\n\n\n<p>Nous avons pu faire le constat d\u2019un manque de repr\u00e9sentations des formes de l\u2019AMU. Ces derni\u00e8res sont diverses, souvent singuli\u00e8res car li\u00e9es \u00e0 un terrain et \u00e0 un contexte. Ce pr\u00e9sent document se propose de faire preuve, en mobilisant une pluralit\u00e9 d\u2019exemples, de la richesse de cette posture.<br>C\u2019est \u00e9galement un guide pour se rep\u00e9rer dans les diff\u00e9rentes phases d\u2019intervention possible de cette d\u00e9marche, mais aussi pour donner \u00e0 voir quel\u00b7le\u00b7s peuvent \u00eatre les diff\u00e9rent\u00b7e\u00b7s commanditaire\u00b7trice\u00b7s, m\u00e9thodes ou acteur\u00b7trice\u00b7s concern\u00e9\u00b7e\u00b7s.<\/p>\n\n\n\n<div style=\"height:25px\" aria-hidden=\"true\" class=\"wp-block-spacer\"><\/div>\n\n\n\n<div class=\"wp-block-buttons is-layout-flex wp-block-buttons-is-layout-flex\">\n<div class=\"wp-block-button aligncenter\"><a class=\"wp-block-button__link\" href=\"https:\/\/issuu.com\/amu.rhinsup\/docs\/amu_-_panorama_d_exemples_et_de_pratiques_dans_le_\" target=\"_blank\" rel=\"noreferrer noopener\">T\u00e9l\u00e9charger<\/a><\/div>\n<\/div>\n","protected":false},"excerpt":{"rendered":"<p>Pour en savoir plus sur nos actions, nous vous invitons \u00e0 consulter le panorama d&#8217;exemples du R\u00e9seau AMU du Rhin Sup\u00e9rieur. Ce document a \u00e9t\u00e9 r\u00e9alis\u00e9 par les membres du r\u00e9seau AMU Rhin Sup\u00e9rieur. Nous avons pu faire le constat d\u2019un manque de repr\u00e9sentations des formes de l\u2019AMU. Ces derni\u00e8res sont diverses, souvent singuli\u00e8res car [&hellip;]<\/p>\n","protected":false},"author":1,"featured_media":0,"parent":0,"menu_order":2,"comment_status":"closed","ping_status":"closed","template":"","meta":{"_seopress_robots_primary_cat":"","footnotes":""},"class_list":["post-280","page","type-page","status-publish","hentry","entry"],"uagb_featured_image_src":{"full":false,"thumbnail":false,"medium":false,"medium_large":false,"large":false,"1536x1536":false,"2048x2048":false,"ocean-thumb-m":false,"ocean-thumb-ml":false,"ocean-thumb-l":false},"uagb_author_info":{"display_name":"AMU rhinsup","author_link":"https:\/\/amu-rhinsup.fr\/index.php\/author\/admin\/"},"uagb_comment_info":0,"uagb_excerpt":"Pour en savoir plus sur nos actions, nous vous invitons \u00e0 consulter le panorama d&#8217;exemples du R\u00e9seau AMU du Rhin Sup\u00e9rieur. Ce document a \u00e9t\u00e9 r\u00e9alis\u00e9 par les membres du r\u00e9seau AMU Rhin Sup\u00e9rieur. Nous avons pu faire le constat d\u2019un manque de repr\u00e9sentations des formes de l\u2019AMU. Ces derni\u00e8res sont diverses, souvent singuli\u00e8res car\u2026","_links":{"self":[{"href":"https:\/\/amu-rhinsup.fr\/index.php\/wp-json\/wp\/v2\/pages\/280","targetHints":{"allow":["GET"]}}],"collection":[{"href":"https:\/\/amu-rhinsup.fr\/index.php\/wp-json\/wp\/v2\/pages"}],"about":[{"href":"https:\/\/amu-rhinsup.fr\/index.php\/wp-json\/wp\/v2\/types\/page"}],"author":[{"embeddable":true,"href":"https:\/\/amu-rhinsup.fr\/index.php\/wp-json\/wp\/v2\/users\/1"}],"replies":[{"embeddable":true,"href":"https:\/\/amu-rhinsup.fr\/index.php\/wp-json\/wp\/v2\/comments?post=280"}],"version-history":[{"count":2,"href":"https:\/\/amu-rhinsup.fr\/index.php\/wp-json\/wp\/v2\/pages\/280\/revisions"}],"predecessor-version":[{"id":284,"href":"https:\/\/amu-rhinsup.fr\/index.php\/wp-json\/wp\/v2\/pages\/280\/revisions\/284"}],"wp:attachment":[{"href":"https:\/\/amu-rhinsup.fr\/index.php\/wp-json\/wp\/v2\/media?parent=280"}],"curies":[{"name":"wp","href":"https:\/\/api.w.org\/{rel}","templated":true}]}}